{"id":19,"date":"2023-12-31T15:20:32","date_gmt":"2023-12-31T15:20:32","guid":{"rendered":"https:\/\/dbuus.dk\/?post_type=product&#038;p=19"},"modified":"2024-01-14T07:26:18","modified_gmt":"2024-01-14T07:26:18","slug":"kalender-2025","status":"publish","type":"product","link":"https:\/\/dbuus.dk\/index.php\/vare\/kalender-2025\/","title":{"rendered":"Kalender 2025"},"content":{"rendered":"<p>Excel kalender, der er tilpasset et A4 ark, med et halvt \u00e5r p\u00e5 hver side.<\/p>\n<p>Skriv det du \u00f8nsker i den og gem den p\u00e5 computeren, eller print den ud.<\/p>\n","protected":false},"excerpt":{"rendered":"<p>Excel kalender, der er tilpasset et A4 ark, med et halvt \u00e5r p\u00e5 hver side. Skriv det du \u00f8nsker i den og gem den p\u00e5 computeren, eller print den ud.<\/p>\n","protected":false},"featured_media":25,"template":"","meta":[],"product_brand":[],"product_cat":[18],"product_tag":[],"class_list":{"0":"post-19","1":"product","2":"type-product","3":"status-publish","4":"has-post-thumbnail","6":"product_cat-excel-kalender","8":"entry","9":"has-media","11":"first","12":"instock","13":"downloadable","14":"virtual","15":"purchasable","16":"product-type-simple","17":"has-product-nav","18":"col","19":"span_1_of_3","20":"owp-content-center","21":"owp-thumbs-layout-horizontal","22":"owp-btn-normal","23":"owp-tabs-layout-horizontal","24":"has-no-thumbnails"},"_links":{"self":[{"href":"https:\/\/dbuus.dk\/index.php\/wp-json\/wp\/v2\/product\/19","targetHints":{"allow":["GET"]}}],"collection":[{"href":"https:\/\/dbuus.dk\/index.php\/wp-json\/wp\/v2\/product"}],"about":[{"href":"https:\/\/dbuus.dk\/index.php\/wp-json\/wp\/v2\/types\/product"}],"wp:featuredmedia":[{"embeddable":true,"href":"https:\/\/dbuus.dk\/index.php\/wp-json\/wp\/v2\/media\/25"}],"wp:attachment":[{"href":"https:\/\/dbuus.dk\/index.php\/wp-json\/wp\/v2\/media?parent=19"}],"wp:term":[{"taxonomy":"product_brand","embeddable":true,"href":"https:\/\/dbuus.dk\/index.php\/wp-json\/wp\/v2\/product_brand?post=19"},{"taxonomy":"product_cat","embeddable":true,"href":"https:\/\/dbuus.dk\/index.php\/wp-json\/wp\/v2\/product_cat?post=19"},{"taxonomy":"product_tag","embeddable":true,"href":"https:\/\/dbuus.dk\/index.php\/wp-json\/wp\/v2\/product_tag?post=19"}],"curies":[{"name":"wp","href":"https:\/\/api.w.org\/{rel}","templated":true}]}}