{"id":167,"date":"2024-01-14T08:41:27","date_gmt":"2024-01-14T08:41:27","guid":{"rendered":"https:\/\/dbuus.dk\/?post_type=product&#038;p=167"},"modified":"2024-01-14T08:43:23","modified_gmt":"2024-01-14T08:43:23","slug":"excel-kalender-2026","status":"publish","type":"product","link":"https:\/\/dbuus.dk\/index.php\/vare\/excel-kalender-2026\/","title":{"rendered":"Excel Kalender 2026"},"content":{"rendered":"<p>Excel kalender, der er tilpasset et A4 ark, med et halvt \u00e5r p\u00e5 hver side.<\/p>\n<p>Skriv det du \u00f8nsker i den og gem den p\u00e5 computeren, eller print den ud.<\/p>\n","protected":false},"excerpt":{"rendered":"<p>Excel kalender, der er tilpasset et A4 ark, med et halvt \u00e5r p\u00e5 hver side. Skriv det du \u00f8nsker i den og gem den p\u00e5 computeren, eller print den ud.<\/p>\n","protected":false},"featured_media":169,"template":"","meta":[],"product_brand":[],"product_cat":[18],"product_tag":[24,22,23],"class_list":{"0":"post-167","1":"product","2":"type-product","3":"status-publish","4":"has-post-thumbnail","6":"product_cat-excel-kalender","7":"product_tag-24","8":"product_tag-excel","9":"product_tag-kalender","11":"entry","12":"has-media","14":"first","15":"instock","16":"downloadable","17":"virtual","18":"purchasable","19":"product-type-simple","20":"has-product-nav","21":"col","22":"span_1_of_3","23":"owp-content-center","24":"owp-thumbs-layout-horizontal","25":"owp-btn-normal","26":"owp-tabs-layout-horizontal","27":"has-no-thumbnails"},"_links":{"self":[{"href":"https:\/\/dbuus.dk\/index.php\/wp-json\/wp\/v2\/product\/167","targetHints":{"allow":["GET"]}}],"collection":[{"href":"https:\/\/dbuus.dk\/index.php\/wp-json\/wp\/v2\/product"}],"about":[{"href":"https:\/\/dbuus.dk\/index.php\/wp-json\/wp\/v2\/types\/product"}],"wp:featuredmedia":[{"embeddable":true,"href":"https:\/\/dbuus.dk\/index.php\/wp-json\/wp\/v2\/media\/169"}],"wp:attachment":[{"href":"https:\/\/dbuus.dk\/index.php\/wp-json\/wp\/v2\/media?parent=167"}],"wp:term":[{"taxonomy":"product_brand","embeddable":true,"href":"https:\/\/dbuus.dk\/index.php\/wp-json\/wp\/v2\/product_brand?post=167"},{"taxonomy":"product_cat","embeddable":true,"href":"https:\/\/dbuus.dk\/index.php\/wp-json\/wp\/v2\/product_cat?post=167"},{"taxonomy":"product_tag","embeddable":true,"href":"https:\/\/dbuus.dk\/index.php\/wp-json\/wp\/v2\/product_tag?post=167"}],"curies":[{"name":"wp","href":"https:\/\/api.w.org\/{rel}","templated":true}]}}