{"id":136,"date":"2024-01-14T07:32:45","date_gmt":"2024-01-14T07:32:45","guid":{"rendered":"https:\/\/dbuus.dk\/?page_id=136"},"modified":"2024-01-14T07:32:45","modified_gmt":"2024-01-14T07:32:45","slug":"cookie","status":"publish","type":"page","link":"https:\/\/dbuus.dk\/index.php\/cookie\/","title":{"rendered":"Cookie"},"content":{"rendered":"\n<p>Hvad er en cookie?<br>En cookie er en lille datafil, som vi gemmer p\u00e5 din computer for at kunne holde styr p\u00e5, hvad der sker under dit bes\u00f8g og for at kunne genkende computeren. En cookie er ikke et program og indeholder ikke virus.<\/p>\n\n\n\n<p>Hvorfor vi bruger cookies?<br>Cookies er n\u00f8dvendige for at f\u00e5 hjemmesiden til at fungere. Cookies hj\u00e6lper os desuden med at f\u00e5 overblik over dit bes\u00f8g p\u00e5 hjemmesiden. Cookies husker fx, om du er logget ind, hvad du har lagt i indk\u00f8bskurven, om du tidligere har bes\u00f8gt siden, osv.<\/p>\n\n\n\n<p>Typer af cookies vi bruger p\u00e5 dbuus.dk:<\/p>\n\n\n\n<p>Sessionscookies<br>Session cookies er n\u00f8dvendige for at holde en forbindelse mellem din computer og en hjemmeside\/applikation k\u00f8rende. Det er fx tilf\u00e6ldet med kundecenteret og indk\u00f8bskurven, som du ikke kan bruge, hvis du har sl\u00e5et cookies fra i din browser. Session cookies slettes igen, n\u00e5r du lukker din browser.<\/p>\n\n\n\n<p>Persistent cookies<br>Persistent cookies bliver lagret p\u00e5 din computer til at huske et valg, du har foretaget. Der benyttes kun persisten cookies til at huske favorit listen.<\/p>\n","protected":false},"excerpt":{"rendered":"<p>Hvad er en cookie?En cookie er en lille datafil, som vi gemmer p\u00e5 din computer for at kunne holde styr p\u00e5, hvad der sker under dit bes\u00f8g og for at kunne genkende computeren. En cookie er ikke et program og indeholder ikke virus. Hvorfor vi bruger cookies?Cookies er n\u00f8dvendige for at f\u00e5 hjemmesiden til at [&hellip;]<\/p>\n","protected":false},"author":1,"featured_media":0,"parent":0,"menu_order":0,"comment_status":"closed","ping_status":"closed","template":"","meta":{"footnotes":""},"class_list":["post-136","page","type-page","status-publish","hentry","entry","owp-thumbs-layout-horizontal","owp-btn-normal","owp-tabs-layout-horizontal","has-no-thumbnails","has-product-nav"],"_links":{"self":[{"href":"https:\/\/dbuus.dk\/index.php\/wp-json\/wp\/v2\/pages\/136","targetHints":{"allow":["GET"]}}],"collection":[{"href":"https:\/\/dbuus.dk\/index.php\/wp-json\/wp\/v2\/pages"}],"about":[{"href":"https:\/\/dbuus.dk\/index.php\/wp-json\/wp\/v2\/types\/page"}],"author":[{"embeddable":true,"href":"https:\/\/dbuus.dk\/index.php\/wp-json\/wp\/v2\/users\/1"}],"replies":[{"embeddable":true,"href":"https:\/\/dbuus.dk\/index.php\/wp-json\/wp\/v2\/comments?post=136"}],"version-history":[{"count":1,"href":"https:\/\/dbuus.dk\/index.php\/wp-json\/wp\/v2\/pages\/136\/revisions"}],"predecessor-version":[{"id":137,"href":"https:\/\/dbuus.dk\/index.php\/wp-json\/wp\/v2\/pages\/136\/revisions\/137"}],"wp:attachment":[{"href":"https:\/\/dbuus.dk\/index.php\/wp-json\/wp\/v2\/media?parent=136"}],"curies":[{"name":"wp","href":"https:\/\/api.w.org\/{rel}","templated":true}]}}